{"id":15,"date":"2013-04-22T23:23:22","date_gmt":"2013-04-22T21:23:22","guid":{"rendered":"http:\/\/www.labor-zahntechnik.at\/wp\/?page_id=15"},"modified":"2019-11-24T16:55:45","modified_gmt":"2019-11-24T14:55:45","slug":"home","status":"publish","type":"page","link":"http:\/\/www.labor-zahntechnik.at\/","title":{"rendered":"ZAHNTECHNIK"},"content":{"rendered":"<h1 class=\"pageHeading\">Zahn-<br \/>\nTechnik<\/h1>\n<h1>Zahntechnisches Labor<\/h1>\n<h2>Ztm. Siegele Otmar<\/h2>\n<p>Die Zahntechnik in Kappl mit Otmar Siegele und seinem Team z\u00e4hlt sicherlich weit \u00fcber die Grenzen Tirols zu den Besten ihrer Zunft.<\/p>\n<p>Diese Seite m\u00f6chte den Betrachtern veranschaulichen und erkl\u00e4ren, was in der modernen Zahntechnik m\u00f6glich ist und erstellt werden kann.<\/p>\n<p>Mit verschiedenen Bildern und Fotos aus den verschiedenen Themenbereichen der &#8222;Zahntechnik&#8220; werden interessante L\u00f6sungsvorschl\u00e4ge pr\u00e4sentiert.<\/p>\n<p><a href=\"http:\/\/www.labor-zahntechnik.at\/wp\/wp-content\/uploads\/2013\/04\/Otamar.jpg\"><img decoding=\"async\" loading=\"lazy\" class=\"alignnone size-full wp-image-128\" alt=\"Otamar\" src=\"http:\/\/www.labor-zahntechnik.at\/wp\/wp-content\/uploads\/2013\/04\/Otamar.jpg\" width=\"239\" height=\"300\" \/><\/a><\/p>\n","protected":false},"excerpt":{"rendered":"<p>Zahn- Technik Zahntechnisches Labor Ztm. Siegele Otmar Die Zahntechnik in Kappl mit Otmar Siegele und seinem Team z\u00e4hlt sicherlich weit \u00fcber die Grenzen Tirols zu den Besten ihrer Zunft. Diese Seite m\u00f6chte den Betrachtern veranschaulichen und erkl\u00e4ren, was in der modernen Zahntechnik m\u00f6glich ist und erstellt werden kann. Mit verschiedenen Bildern und Fotos aus den [&hellip;]<\/p>\n","protected":false},"author":1,"featured_media":0,"parent":0,"menu_order":0,"comment_status":"closed","ping_status":"open","template":"","meta":{"footnotes":""},"_links":{"self":[{"href":"http:\/\/www.labor-zahntechnik.at\/index.php?rest_route=\/wp\/v2\/pages\/15"}],"collection":[{"href":"http:\/\/www.labor-zahntechnik.at\/index.php?rest_route=\/wp\/v2\/pages"}],"about":[{"href":"http:\/\/www.labor-zahntechnik.at\/index.php?rest_route=\/wp\/v2\/types\/page"}],"author":[{"embeddable":true,"href":"http:\/\/www.labor-zahntechnik.at\/index.php?rest_route=\/wp\/v2\/users\/1"}],"replies":[{"embeddable":true,"href":"http:\/\/www.labor-zahntechnik.at\/index.php?rest_route=%2Fwp%2Fv2%2Fcomments&post=15"}],"version-history":[{"count":24,"href":"http:\/\/www.labor-zahntechnik.at\/index.php?rest_route=\/wp\/v2\/pages\/15\/revisions"}],"predecessor-version":[{"id":539,"href":"http:\/\/www.labor-zahntechnik.at\/index.php?rest_route=\/wp\/v2\/pages\/15\/revisions\/539"}],"wp:attachment":[{"href":"http:\/\/www.labor-zahntechnik.at\/index.php?rest_route=%2Fwp%2Fv2%2Fmedia&parent=15"}],"curies":[{"name":"wp","href":"https:\/\/api.w.org\/{rel}","templated":true}]}}